{"id":734,"date":"2018-07-26T10:49:22","date_gmt":"2018-07-26T13:49:22","guid":{"rendered":"https:\/\/delrosario-infd.mendoza.edu.ar\/sitio\/?page_id=734"},"modified":"2021-03-06T11:27:51","modified_gmt":"2021-03-06T14:27:51","slug":"plan-de-estudio","status":"publish","type":"page","link":"https:\/\/delrosario-infd.mendoza.edu.ar\/sitio\/catalogo\/plan-de-estudio\/","title":{"rendered":"Plan de estudio"},"content":{"rendered":"<p>Profesorado de educaci\u00f3n secundaria en\u00a0<strong>Filosof\u00eda\u00a0 \u00a0&#8211;\u00a0\u00a0<\/strong>Res. 850 DGE 15<\/p>\n<ul>\n<li>\n<pre>Acerca de la carrera<\/pre>\n<\/li>\n<li>\n<pre>Plan de estudio<\/pre>\n<\/li>\n<\/ul>\n<p>&nbsp;<\/p>\n<h4>Acerca de la carrera<\/h4>\n<p><strong><em>Profesores de Filosof\u00eda<\/em><\/strong><\/p>\n<p>Para ense\u00f1ar a hacer buenas preguntas\u2026<\/p>\n<p><em>Qu\u00e9<\/em>\u2026 \u00bfQu\u00e9 es el hombre? \u00bfQu\u00e9 es la verdad? \u00bfQu\u00e9 es la realidad? \u00bfQu\u00e9 hay m\u00e1s all\u00e1 de lo que percibo?<\/p>\n<p><em>C\u00f3mo<\/em>\u2026 \u00bfC\u00f3mo conocemos? \u00bfC\u00f3mo pensamos? \u00bfC\u00f3mo sentimos? \u00bfC\u00f3mo actuamos? \u00bfC\u00f3mo nos relacionamos? \u00bfC\u00f3mo cambiamos?<\/p>\n<p><em>Porqu\u00e9<\/em>\u2026 \u00bfPor qu\u00e9 existimos? \u00bfPor qu\u00e9 morimos? \u00bfPor qu\u00e9 re\u00edmos? \u00bfPor qu\u00e9 lloramos? \u00bfPor qu\u00e9 acertamos? \u00bfPor qu\u00e9 nos equivocamos?<\/p>\n<p><em>Para qu\u00e9<\/em>\u2026 \u00bfPara qu\u00e9 estudiamos? \u00bfPara qu\u00e9 existen ciertas realidades?<\/p>\n<p>Para formar pensadores que buscan un humanismo nuevo que permita al hombre moderno encontrarse a s\u00ed mismo, vivir y orientar la globalizaci\u00f3n de la humanidad en t\u00e9rminos de relaci\u00f3n, comuni\u00f3n y participaci\u00f3n (cf. PP14-15).<\/p>\n<p>Para ensanchar la raz\u00f3n y hacerla capaz de conocer y orientar las nuevas e imponentes din\u00e1micas que atormentan a la familia humana,<\/p>\n<p>Para que podamos animar esas din\u00e1micas en la perspectiva de esa \u201ccivilizaci\u00f3n del amor\u201d, de la cual Dios ha puesto la semilla en cada pueblo y en cada cultura\u00bb<\/p>\n<p>Para contribuir a que \u00ablos diferentes \u00e1mbitos del saber humano sean interactivos\u00bb: el teol\u00f3gico, el filos\u00f3fico, el social y el cient\u00edfico.<\/p>\n<p>Cultivando en las aulas una actitud contemplativa que se deja encontrar por la verdad<\/p>\n<p>Cultivando en las aulas la capacidad de di\u00e1logo, no como mera actitud t\u00e1ctica sino como una exigencia intr\u00ednseca para experimentar juntos la alegr\u00eda de la Verdad y para profundizar su significado y sus implicaciones pr\u00e1cticas.<\/p>\n<h4><\/h4>\n<h4>Plan de estudios<\/h4>\n<p><img decoding=\"async\" loading=\"lazy\" class=\"alignnone size-full wp-image-792\" src=\"https:\/\/delrosario-infd.mendoza.edu.ar\/sitio\/wp-content\/uploads\/2021\/03\/grilla.png\" alt=\"\" width=\"958\" height=\"621\" srcset=\"https:\/\/delrosario-infd.mendoza.edu.ar\/sitio\/wp-content\/uploads\/2021\/03\/grilla.png 958w, https:\/\/delrosario-infd.mendoza.edu.ar\/sitio\/wp-content\/uploads\/2021\/03\/grilla-768x498.png 768w\" sizes=\"(max-width: 958px) 100vw, 958px\" \/><\/p>\n","protected":false},"excerpt":{"rendered":"<p>Profesorado de educaci\u00f3n secundaria en\u00a0Filosof\u00eda\u00a0 \u00a0&#8211;\u00a0\u00a0Res. 850 DGE 15 Acerca de la carrera Plan de estudio &nbsp; Acerca de la carrera Profesores de Filosof\u00eda Para ense\u00f1ar a hacer buenas preguntas\u2026 Qu\u00e9\u2026 \u00bfQu\u00e9 es el hombre? \u00bfQu\u00e9 es la verdad? \u00bfQu\u00e9 es la realidad? \u00bfQu\u00e9 hay m\u00e1s all\u00e1 de lo que percibo? C\u00f3mo\u2026 \u00bfC\u00f3mo conocemos? \u00bfC\u00f3mo &#8230; <a title=\"Plan de estudio\" class=\"read-more\" href=\"https:\/\/delrosario-infd.mendoza.edu.ar\/sitio\/catalogo\/plan-de-estudio\/\" aria-label=\"More on Plan de estudio\">[+]<\/a><\/p>\n","protected":false},"author":6,"featured_media":0,"parent":644,"menu_order":0,"comment_status":"closed","ping_status":"closed","template":"","meta":[],"acf":[],"_links":{"self":[{"href":"https:\/\/delrosario-infd.mendoza.edu.ar\/sitio\/wp-json\/wp\/v2\/pages\/734"}],"collection":[{"href":"https:\/\/delrosario-infd.mendoza.edu.ar\/sitio\/wp-json\/wp\/v2\/pages"}],"about":[{"href":"https:\/\/delrosario-infd.mendoza.edu.ar\/sitio\/wp-json\/wp\/v2\/types\/page"}],"author":[{"embeddable":true,"href":"https:\/\/delrosario-infd.mendoza.edu.ar\/sitio\/wp-json\/wp\/v2\/users\/6"}],"replies":[{"embeddable":true,"href":"https:\/\/delrosario-infd.mendoza.edu.ar\/sitio\/wp-json\/wp\/v2\/comments?post=734"}],"version-history":[{"count":7,"href":"https:\/\/delrosario-infd.mendoza.edu.ar\/sitio\/wp-json\/wp\/v2\/pages\/734\/revisions"}],"predecessor-version":[{"id":793,"href":"https:\/\/delrosario-infd.mendoza.edu.ar\/sitio\/wp-json\/wp\/v2\/pages\/734\/revisions\/793"}],"up":[{"embeddable":true,"href":"https:\/\/delrosario-infd.mendoza.edu.ar\/sitio\/wp-json\/wp\/v2\/pages\/644"}],"wp:attachment":[{"href":"https:\/\/delrosario-infd.mendoza.edu.ar\/sitio\/wp-json\/wp\/v2\/media?parent=734"}],"curies":[{"name":"wp","href":"https:\/\/api.w.org\/{rel}","templated":true}]}}