{"id":685,"date":"2018-07-25T15:06:42","date_gmt":"2018-07-25T18:06:42","guid":{"rendered":"https:\/\/delrosario-infd.mendoza.edu.ar\/sitio\/?page_id=685"},"modified":"2024-05-15T17:07:48","modified_gmt":"2024-05-15T20:07:48","slug":"autoridades","status":"publish","type":"page","link":"https:\/\/delrosario-infd.mendoza.edu.ar\/sitio\/institucional\/autoridades\/","title":{"rendered":"Autoridades"},"content":{"rendered":"<h4>DIRECTOR<\/h4>\n<p><em>Prof. Lic. Gustavo Ureta&nbsp;<\/em><\/p>\n<h4><span data-mce-mark=\"1\"><strong>SECRETAR\u00cdA<\/strong><\/span><\/h4>\n<p><em>Jimena Castell de Bauz\u00e1<\/em><\/p>\n<p><span data-mce-mark=\"1\">AUXILIARES: <em>Cecilia Casano<\/em><\/span><\/p>\n<h4>RECTOR DEL SEMINARIO<\/h4>\n<p><em>Pbro. Lic. Juan Pablo Dreidemie<\/em><\/p>\n<h4>DELAGADO PARA LA FORMACI\u00d3N TEOL\u00d3GICA<\/h4>\n<p><em>Prof. Em\u00e9rito Dr. Carlos William Rubia<\/em><\/p>\n","protected":false},"excerpt":{"rendered":"<p>DIRECTOR Prof. Lic. Gustavo Ureta&nbsp; SECRETAR\u00cdA Jimena Castell de Bauz\u00e1 AUXILIARES: Cecilia Casano RECTOR DEL SEMINARIO Pbro. Lic. Juan Pablo Dreidemie DELAGADO PARA LA FORMACI\u00d3N TEOL\u00d3GICA Prof. Em\u00e9rito Dr. Carlos William Rubia<\/p>\n","protected":false},"author":6,"featured_media":0,"parent":683,"menu_order":0,"comment_status":"closed","ping_status":"closed","template":"","meta":[],"acf":[],"_links":{"self":[{"href":"https:\/\/delrosario-infd.mendoza.edu.ar\/sitio\/wp-json\/wp\/v2\/pages\/685"}],"collection":[{"href":"https:\/\/delrosario-infd.mendoza.edu.ar\/sitio\/wp-json\/wp\/v2\/pages"}],"about":[{"href":"https:\/\/delrosario-infd.mendoza.edu.ar\/sitio\/wp-json\/wp\/v2\/types\/page"}],"author":[{"embeddable":true,"href":"https:\/\/delrosario-infd.mendoza.edu.ar\/sitio\/wp-json\/wp\/v2\/users\/6"}],"replies":[{"embeddable":true,"href":"https:\/\/delrosario-infd.mendoza.edu.ar\/sitio\/wp-json\/wp\/v2\/comments?post=685"}],"version-history":[{"count":10,"href":"https:\/\/delrosario-infd.mendoza.edu.ar\/sitio\/wp-json\/wp\/v2\/pages\/685\/revisions"}],"predecessor-version":[{"id":813,"href":"https:\/\/delrosario-infd.mendoza.edu.ar\/sitio\/wp-json\/wp\/v2\/pages\/685\/revisions\/813"}],"up":[{"embeddable":true,"href":"https:\/\/delrosario-infd.mendoza.edu.ar\/sitio\/wp-json\/wp\/v2\/pages\/683"}],"wp:attachment":[{"href":"https:\/\/delrosario-infd.mendoza.edu.ar\/sitio\/wp-json\/wp\/v2\/media?parent=685"}],"curies":[{"name":"wp","href":"https:\/\/api.w.org\/{rel}","templated":true}]}}